{"id":359,"date":"2014-07-20T21:10:02","date_gmt":"2014-07-20T21:10:02","guid":{"rendered":"http:\/\/xenonasmazaraki.gr\/?page_id=359"},"modified":"2024-10-29T07:39:19","modified_gmt":"2024-10-29T07:39:19","slug":"les-maisons-mazarakis","status":"publish","type":"page","link":"https:\/\/xenonasmazaraki.gr\/fr\/les-maisons-mazarakis\/","title":{"rendered":"BIENVENUE DANS <br>LES MAISONS MAZARAKIS"},"content":{"rendered":"<p>Construit \u00e0 une altitude de 600 m\u00e8tres, tout pr\u00e8s du site arch\u00e9ologique unique de Mystras, au c\u0153ur d\u2019une r\u00e9gion bois\u00e9e aux nombreuses sources, dans le hameau de Pikoulianika et avec un acc\u00e8s facile \u00e0 Sparte, les \u00ab\u00a0maisons d&rsquo;h\u00f4tes Mazarakis \u00bb r\u00e9v\u00e8lent le caract\u00e8re unique du paysage de Laconie.<\/p>\n<p>De l&rsquo;ambiance \u00ab\u00a0terre\u00a0\u00bb de l\u2019\u00c9pi au style country authentique relaxant de l\u2019Olivier, chacune de onze suites des maisons d&rsquo;h\u00f4tes Mazarakis raconte une histoire de la terre grecque, combinant la d\u00e9tente simple d\u2019une maison de campagne et la chaleur d&rsquo;un petit h\u00f4tel hors du commun.<\/p>\n<p>Le regard particulier de l&rsquo;architecte Yorgos Yaxoglou et la d\u00e9coration int\u00e9rieure assur\u00e9e par la sc\u00e9nographe prim\u00e9e Eleni Manolopoulou, enti\u00e8rement d\u00e9volus \u00e0 ce projet dans les moindres d\u00e9tails, donnent aux chambres leur empreinte particuli\u00e8re.<\/p>\n<p>Depuis 2015 il y a une piscine ext\u00e9rieure mesurant 6x3m avec une profondeur maximale de 1,40m.<\/p>\n<p>Toutes les maisons ont en commun les m\u00eames vues imprenables (sur Mystras, les montagnes du Tayg\u00e8te et la vall\u00e9e de l&rsquo;Eurotas) depuis leur balcon.<\/p>\n<p>La responsable de la maison d&rsquo;h\u00f4tes sera pr\u00e8s de vous pour r\u00e9pondre \u00e0 ce dont vous aurez besoin.<\/p>\n<p>Elle vous fournira en vins de notre cave.<\/p>\n<p>Elle mettra \u00e0 votre disposition des VTT et se chargera de d\u00e9tails tels que le bois de chauffage, des livres, internet, et vous donnera de pr\u00e9cieux conseils pour vous faire d\u00e9couvrir la cuisine locale ou profiter de la vie nocturne.<\/p>\n<p>La journ\u00e9e commence avec des sp\u00e9cialit\u00e9s maison que vous sortirez une \u00e0 une d\u2019un panier qui vous sera mont\u00e9 sur demande : tartes du jour, confitures maison, \u0153ufs de la ferme, oranges, olives, pain, yaourts de fabrication locale, g\u00e2teaux, etc.<\/p>\n<p>Un repas complet \u00e0 base de sp\u00e9cialit\u00e9s locales faites \u00e0 partir des produits bios de notre jardin et un choix de vins de Laconie et plus largement du P\u00e9loponn\u00e8se, pourra vous \u00eatre servi sur demande.<\/p>\n<p>Au rez de chauss\u00e9e exploite le caf\u00e9-bar \u00e0 vin \u00ab\u00a0Corfes\u00a0\u00bb\u00e0 la disposition des clients, avec biblioth\u00e8que et jeux de soci\u00e9t\u00e9.<\/p>\n<p>La maison propose des repas sur demande.<\/p>\n<p>Il est aussi possible (sur demande et avec la surtaxe appropri\u00e9e), pour le transport vers et de l&rsquo;a\u00e9roport.<\/p>\n<p>Une station du chargement de v\u00e9hicules electriques est disponible a notre maison d&rsquo;h\u00f4te.<\/p>\n<p>La vue enivrante, l\u2019accueil chaleureux et le magnifique environnement naturel ne sont qu\u2019un aper\u00e7u de ce qu\u2019offrent les maisons d&rsquo;h\u00f4tes Mazarakis de Mystras.<\/p>\n<p><span id=\"result_box\" class=\"short_text\" lang=\"fr\"><span class=\"\">Les animaux ne sont pas accept\u00e9s.<\/span><\/span><\/p>\n","protected":false},"excerpt":{"rendered":"<p>Construit \u00e0 une altitude de 600 m\u00e8tres, tout pr\u00e8s du site arch\u00e9ologique unique de Mystras, au c\u0153ur d\u2019une r\u00e9gion bois\u00e9e aux nombreuses sources, dans le hameau de Pikoulianika et avec un acc\u00e8s facile \u00e0 Sparte, les \u00ab\u00a0maisons d&rsquo;h\u00f4tes Mazarakis \u00bb r\u00e9v\u00e8lent le caract\u00e8re unique du paysage de Laconie. De l&rsquo;ambiance \u00ab\u00a0terre\u00a0\u00bb de l\u2019\u00c9pi au style [&hellip;]<\/p>\n","protected":false},"author":3,"featured_media":1271,"parent":0,"menu_order":1,"comment_status":"open","ping_status":"closed","template":"","meta":{"_acf_changed":false,"footnotes":""},"class_list":["post-359","page","type-page","status-publish","has-post-thumbnail","hentry"],"acf":[],"_links":{"self":[{"href":"https:\/\/xenonasmazaraki.gr\/fr\/wp-json\/wp\/v2\/pages\/359","targetHints":{"allow":["GET"]}}],"collection":[{"href":"https:\/\/xenonasmazaraki.gr\/fr\/wp-json\/wp\/v2\/pages"}],"about":[{"href":"https:\/\/xenonasmazaraki.gr\/fr\/wp-json\/wp\/v2\/types\/page"}],"author":[{"embeddable":true,"href":"https:\/\/xenonasmazaraki.gr\/fr\/wp-json\/wp\/v2\/users\/3"}],"replies":[{"embeddable":true,"href":"https:\/\/xenonasmazaraki.gr\/fr\/wp-json\/wp\/v2\/comments?post=359"}],"version-history":[{"count":15,"href":"https:\/\/xenonasmazaraki.gr\/fr\/wp-json\/wp\/v2\/pages\/359\/revisions"}],"predecessor-version":[{"id":6511,"href":"https:\/\/xenonasmazaraki.gr\/fr\/wp-json\/wp\/v2\/pages\/359\/revisions\/6511"}],"wp:featuredmedia":[{"embeddable":true,"href":"https:\/\/xenonasmazaraki.gr\/fr\/wp-json\/wp\/v2\/media\/1271"}],"wp:attachment":[{"href":"https:\/\/xenonasmazaraki.gr\/fr\/wp-json\/wp\/v2\/media?parent=359"}],"curies":[{"name":"wp","href":"https:\/\/api.w.org\/{rel}","templated":true}]}}