{"id":365,"date":"2014-07-20T21:15:23","date_gmt":"2014-07-20T21:15:23","guid":{"rendered":"http:\/\/xenonasmazaraki.gr\/?page_id=365"},"modified":"2021-05-31T09:54:12","modified_gmt":"2021-05-31T09:54:12","slug":"activites","status":"publish","type":"page","link":"https:\/\/xenonasmazaraki.gr\/fr\/activites\/","title":{"rendered":"ACTIVIT\u00c9S"},"content":{"rendered":"<p>La maison d\u2019h\u00f4tes est situ\u00e9e dans une r\u00e9gion que l\u2019on peut d\u00e9couvrir \u00e0 partir de nombreux sentiers balis\u00e9s pour le VTT, la randonn\u00e9e p\u00e9destre, la descente en rappel.<\/p>\n<p><img loading=\"lazy\" decoding=\"async\" class=\"wp-image-1878 size-full alignright\" src=\"https:\/\/xenonasmazaraki.gr\/wp-content\/uploads\/2021\/05\/MazarakiGuesthouse_BikeFriendly-2.png\" alt=\"Mazarakis Guesthouse Bike Friendly 2021-2023\" width=\"215\" height=\"304\" \/><\/p>\n<p>\u00c0 8 km, se trouve le parc d\u2019escalade du Tayg\u00e8te pour les initi\u00e9s \u00e0 l&rsquo;alpinisme. Le personnel de la maison d\u2019h\u00f4tes Mazarakis sera toujours dispos\u00e9 \u00e0 organiser des excursions dans la nature accompagn\u00e9es de guides exp\u00e9riment\u00e9s, ou tout simplement \u00e0 fournir des v\u00e9los aussi bien que les instructions n\u00e9cessaires.<\/p>\n<p>La forteresse de Mystras, le Mus\u00e9e de l&rsquo;Olivier, la pinacoth\u00e8que Koumantarios, la Sparte antique, le mus\u00e9e arch\u00e9ologique de Sparte sont quelques-uns des lieux et sites\u00e0 visiter.<\/p>\n<p>Des promenades sublimes dans les villages perdus du mont Tayg\u00e8te en voiture ou \u00e0 pied et des visites de Mani (Githio 45 km, Lim\u00e9ni, Dirou) rempliront agr\u00e9ablement vos journ\u00e9es.<\/p>\n","protected":false},"excerpt":{"rendered":"<p>La maison d\u2019h\u00f4tes est situ\u00e9e dans une r\u00e9gion que l\u2019on peut d\u00e9couvrir \u00e0 partir de nombreux sentiers balis\u00e9s pour le VTT, la randonn\u00e9e p\u00e9destre, la descente en rappel. \u00c0 8 km, se trouve le parc d\u2019escalade du Tayg\u00e8te pour les initi\u00e9s \u00e0 l&rsquo;alpinisme. Le personnel de la maison d\u2019h\u00f4tes Mazarakis sera toujours dispos\u00e9 \u00e0 organiser [&hellip;]<\/p>\n","protected":false},"author":3,"featured_media":1273,"parent":0,"menu_order":5,"comment_status":"open","ping_status":"closed","template":"","meta":{"_acf_changed":false,"footnotes":""},"class_list":["post-365","page","type-page","status-publish","has-post-thumbnail","hentry"],"acf":[],"_links":{"self":[{"href":"https:\/\/xenonasmazaraki.gr\/fr\/wp-json\/wp\/v2\/pages\/365","targetHints":{"allow":["GET"]}}],"collection":[{"href":"https:\/\/xenonasmazaraki.gr\/fr\/wp-json\/wp\/v2\/pages"}],"about":[{"href":"https:\/\/xenonasmazaraki.gr\/fr\/wp-json\/wp\/v2\/types\/page"}],"author":[{"embeddable":true,"href":"https:\/\/xenonasmazaraki.gr\/fr\/wp-json\/wp\/v2\/users\/3"}],"replies":[{"embeddable":true,"href":"https:\/\/xenonasmazaraki.gr\/fr\/wp-json\/wp\/v2\/comments?post=365"}],"version-history":[{"count":2,"href":"https:\/\/xenonasmazaraki.gr\/fr\/wp-json\/wp\/v2\/pages\/365\/revisions"}],"predecessor-version":[{"id":1885,"href":"https:\/\/xenonasmazaraki.gr\/fr\/wp-json\/wp\/v2\/pages\/365\/revisions\/1885"}],"wp:featuredmedia":[{"embeddable":true,"href":"https:\/\/xenonasmazaraki.gr\/fr\/wp-json\/wp\/v2\/media\/1273"}],"wp:attachment":[{"href":"https:\/\/xenonasmazaraki.gr\/fr\/wp-json\/wp\/v2\/media?parent=365"}],"curies":[{"name":"wp","href":"https:\/\/api.w.org\/{rel}","templated":true}]}}