{"id":369,"date":"2014-07-20T21:27:23","date_gmt":"2014-07-20T21:27:23","guid":{"rendered":"http:\/\/xenonasmazaraki.gr\/?page_id=369"},"modified":"2016-11-21T14:06:14","modified_gmt":"2016-11-21T14:06:14","slug":"histoire-de-mystras","status":"publish","type":"page","link":"https:\/\/xenonasmazaraki.gr\/fr\/histoire-de-mystras\/","title":{"rendered":"HISTOIRE DE MYSTRAS"},"content":{"rendered":"<p>Ville byzantine du P\u00e9loponn\u00e8se \u00e0 six km au nord-ouest de Sparte. Aujourd&rsquo;hui en ruine, elle est une source pr\u00e9cieuse de connaissance de l&rsquo;histoire, de l&rsquo;art et de la culture des deux derniers si\u00e8cles de l\u2019Empire byzantin. L&rsquo;histoire de la \u00ab\u00a0Cit\u00e9 morte\u00a0\u00bb aujourd&rsquo;hui Mystras (ou Mistra) commence d\u00e8s le milieu du 13e si\u00e8cle, \u00e0 la fin de la conqu\u00eate du P\u00e9loponn\u00e8se par les Francs. En 1249, Guillaume II de Villehardouin construit la citadelle sur le massif montagneux du Tayg\u00e8te, au sommet d&rsquo;une colline abrupte et conique appel\u00e9e Mystras ou Myzythras en raison de sa forme ou d\u2019apr\u00e8s le nom du plus ancien propri\u00e9taire appel\u00e9 Myzithras.<\/p>\n<p>Apr\u00e8s la d\u00e9faite des Francs, lors de la bataille de Pelagonia en 1259, la citadelle de Mystras est c\u00e9d\u00e9e \u00e0 l&#8217;empereur byzantin Michel VIII Pal\u00e9ologue. En 1262, elle devient le si\u00e8ge du g\u00e9n\u00e9ral byzantin s\u00e9bastocrate et c\u2019est alors qu\u2019elle entre dans sa grande p\u00e9riode historique, qui durera deux si\u00e8cles. Les habitants du Lakedaimonos voisin viennent s&rsquo;installer autour de la citadelle, et c\u2019est pour cela que la r\u00e9gion habit\u00e9e, appel\u00e9e Hora (ville, village) est fortifi\u00e9e par un rempart. Au fil du temps, un autre hameau se cr\u00e9e, \u00e0 l&rsquo;ext\u00e9rieur de l\u2019enceinte, appel\u00e9 Kato Hora (ville basse), \u00e9galement prot\u00e9g\u00e9 par un rempart.<\/p>\n<p>\u00c0 partir de 1308, le syst\u00e8me d&rsquo;administration change, les g\u00e9n\u00e9raux et commandants deviennent permanents et vers le milieu du 14e si\u00e8cle Mystras devient la capitale du P\u00e9loponn\u00e8se byzantin. C&rsquo;est ainsi qu\u2019est fond\u00e9 le Despotat de Mor\u00e9e. Des despotes prudents comme Manuel Cantacuz\u00e8ne, Th\u00e9odore II Pal\u00e9ologue, Constantin II Pal\u00e9ologue, lequel sera le dernier empereur de Byzance, \u00e9tendent l\u2019autorit\u00e9 de Mystras dans tout le P\u00e9loponn\u00e8se et en font le foyer de la vie politique et\u00a0 intellectuelle de l\u2019Empire, et le centre de la renaissance litt\u00e9raire et artistique. Sages, artistes et \u00e9rudits se r\u00e9unissent dans la cour du despote Georges G\u00e9miste, dit Pl\u00e9thon, le plus grand et le plus important de tous. En 1460, Mystras se rend aux Ottomans et c\u2019est alors que commence son d\u00e9clin. Pendant la p\u00e9riode 1687-1715, Mystras, tout comme l\u2019ensemble du P\u00e9loponn\u00e8se, est occup\u00e9e par les V\u00e9nitiens. Et en 1770, pendant la r\u00e9volution d\u2019Orloff, une petite arm\u00e9e de Grecs et de Russes enferme la garnison ottomane dans la forteresse. Les habitants Ottomans de la ville, bien qu\u2019ils se soient alors rendus avec la promesse de pouvoir s\u2019en aller avec leurs familles, sont extermin\u00e9s \u00e0 la sortie par les Maniotes indisciplin\u00e9s, que seul l&rsquo;\u00e9v\u00eaque, qui entre dans la bataille en brandissant sa croix, est capable de contenir.<\/p>\n<p>Mystras participe activement \u00e0 la r\u00e9volution de 1821. Pill\u00e9e par les \u00c9gyptiens d\u2019Ibrahim en 1825, elle est peu \u00e0 peu abandonn\u00e9e, tandis qu\u2019une nouvelle Mystras \u2013 le village actuel \u2013 est fond\u00e9e au pied de la colline. Avec la cr\u00e9ation du nouvel \u00c9tat grec, les autorit\u00e9s de la province de Laconie s&rsquo;installent dans l\u2019ancienne Mystras en ruine, mais un peu plus tard, en 1834, le roi Othon fonde la ville nouvelle de Sparte dont le plan d&rsquo;urbanisme est le premier en Gr\u00e8ce, suivi plus tard par Githio. C\u2019est \u00e0 ce moment-l\u00e0 que les tout derniers habitants quittent Mystras. Un couplet, qui circulait dans les ann\u00e9es 1840, salue les villages voisins tout en en rappelant l&rsquo;abandon :<br \/>\n\u00ab\u00a0Parori aux eaux froides et A\u00ef Yianni fleurie.<br \/>\net toi, ma pauvre Mystras qui t\u2019es fait manger par Sparte\u00a0\u00bb.<\/p>\n<h3>\u00c9GLISES DE MYSTRAS<\/h3>\n<ul>\n<li><strong>Evanghelistria<\/strong>, \u00e9glise de plain-pied au large narthex caract\u00e9ristique.<\/li>\n<li><strong>Saints-Th\u00e9odore<\/strong>, c\u00e9l\u00e8bre pour sa coupole octogonale. C\u2019est l&rsquo;\u00e9glise la plus grande et la plus ancienne de Mystras. Elle a conserv\u00e9 ses fresques impressionnantes, dont un portrait de l&#8217;empereur Manuel Pal\u00e9ologue dat\u00e9 de 1423. C\u2019est dans cette \u00e9glise aussi que se trouve la tombe du despote Th\u00e9odore de Mor\u00e9e.<\/li>\n<li><strong>Afentiko (chef)<\/strong>, c\u2019est ainsi que l\u2019on appelle l\u2019\u00e9glise \u00e0 coupole de deux \u00e9tages avec une chapelle de chaque c\u00f4t\u00e9, celle des bulles d\u2019or car l&rsquo;int\u00e9rieur est recouvert de compostions sacr\u00e9es repr\u00e9sentant des anges tenant des bulles d\u2019or datant des ann\u00e9es 1314, 1319, 1320 et 1322, et celle d\u2019Andronicos qui repr\u00e9sente l&rsquo;Empereur Andronicos et le despote de Mystras, Th\u00e9odore Pal\u00e9ologue.<\/li>\n<li>Toutes ces \u00e9glises sont situ\u00e9es dans la partie de la cit\u00e9 de Mystras appel\u00e9e Vrohotonion. Dans une autre partie, \u00e0 c\u00f4t\u00e9 de la tour de l&rsquo;imposante \u00e9glise, construite dans la roche, se trouve l&rsquo;\u00e9glise Panagia du monast\u00e8re de Peribleptos, datant de 1350.<\/li>\n<li>Au-dessus, se dresse le couvent de Pantanassas dont l&rsquo;\u00e9glise est le monument le mieux conserv\u00e9. C\u2019est l\u00e0 que se trouvent les tombes de Despina Cl\u00e9ophas Malatesta et de Th\u00e9odora, \u00e9pouse de l&#8217;empereur Constantin Pal\u00e9ologue.<\/li>\n<li><strong>Sainte-Sophie<\/strong>, au-dessus des palais des despotes, \u00e9difice petit et simple de 1350,<\/li>\n<li>et enfin<strong> Saint-Nicolas<\/strong>, \u00e9glise \u00e0 coupole en forme de croix b\u00e2tie pendant l&rsquo;occupation ottomane.<\/li>\n<\/ul>\n<p>D\u2019une mani\u00e8re g\u00e9n\u00e9rale, les \u00e9glises de Mystras constituent un ensemble permettant de d\u00e9couvrir la peinture, l&rsquo;architecture, l&rsquo;iconographie et l&rsquo;\u00e9tude spatiale de l&rsquo;\u00e9poque byzantine, juste avant la Renaissance.<\/p>\n<p>&nbsp;<\/p>\n\n","protected":false},"excerpt":{"rendered":"<p>Ville byzantine du P\u00e9loponn\u00e8se \u00e0 six km au nord-ouest de Sparte. Aujourd&rsquo;hui en ruine, elle est une source pr\u00e9cieuse de connaissance de l&rsquo;histoire, de l&rsquo;art et de la culture des deux derniers si\u00e8cles de l\u2019Empire byzantin. L&rsquo;histoire de la \u00ab\u00a0Cit\u00e9 morte\u00a0\u00bb aujourd&rsquo;hui Mystras (ou Mistra) commence d\u00e8s le milieu du 13e si\u00e8cle, \u00e0 la fin [&hellip;]<\/p>\n","protected":false},"author":3,"featured_media":68,"parent":0,"menu_order":6,"comment_status":"open","ping_status":"closed","template":"","meta":{"_acf_changed":false,"footnotes":""},"class_list":["post-369","page","type-page","status-publish","has-post-thumbnail","hentry"],"acf":[],"_links":{"self":[{"href":"https:\/\/xenonasmazaraki.gr\/fr\/wp-json\/wp\/v2\/pages\/369","targetHints":{"allow":["GET"]}}],"collection":[{"href":"https:\/\/xenonasmazaraki.gr\/fr\/wp-json\/wp\/v2\/pages"}],"about":[{"href":"https:\/\/xenonasmazaraki.gr\/fr\/wp-json\/wp\/v2\/types\/page"}],"author":[{"embeddable":true,"href":"https:\/\/xenonasmazaraki.gr\/fr\/wp-json\/wp\/v2\/users\/3"}],"replies":[{"embeddable":true,"href":"https:\/\/xenonasmazaraki.gr\/fr\/wp-json\/wp\/v2\/comments?post=369"}],"version-history":[{"count":2,"href":"https:\/\/xenonasmazaraki.gr\/fr\/wp-json\/wp\/v2\/pages\/369\/revisions"}],"predecessor-version":[{"id":785,"href":"https:\/\/xenonasmazaraki.gr\/fr\/wp-json\/wp\/v2\/pages\/369\/revisions\/785"}],"wp:featuredmedia":[{"embeddable":true,"href":"https:\/\/xenonasmazaraki.gr\/fr\/wp-json\/wp\/v2\/media\/68"}],"wp:attachment":[{"href":"https:\/\/xenonasmazaraki.gr\/fr\/wp-json\/wp\/v2\/media?parent=369"}],"curies":[{"name":"wp","href":"https:\/\/api.w.org\/{rel}","templated":true}]}}