{"id":371,"date":"2014-07-20T21:28:11","date_gmt":"2014-07-20T21:28:11","guid":{"rendered":"http:\/\/xenonasmazaraki.gr\/?page_id=371"},"modified":"2023-05-03T19:09:36","modified_gmt":"2023-05-03T19:09:36","slug":"corfes-bar-a-vin-cafe","status":"publish","type":"page","link":"https:\/\/xenonasmazaraki.gr\/fr\/corfes-bar-a-vin-cafe\/","title":{"rendered":"\u00ab\u00a0CORF\u00c8S\u00a0\u00bb Bar \u00e0 vin &#038; Caf\u00e9"},"content":{"rendered":"<p><img loading=\"lazy\" decoding=\"async\" class=\"alignnone wp-image-1735\" src=\"https:\/\/xenonasmazaraki.gr\/wp-content\/uploads\/2018\/06\/MazarakisGuesthouse_exterior_April2018_05_large-2-400x400.jpg\" alt=\"\" width=\"266\" height=\"266\" srcset=\"https:\/\/xenonasmazaraki.gr\/wp-content\/uploads\/2018\/06\/MazarakisGuesthouse_exterior_April2018_05_large-2-400x400.jpg 400w, https:\/\/xenonasmazaraki.gr\/wp-content\/uploads\/2018\/06\/MazarakisGuesthouse_exterior_April2018_05_large-2-150x150.jpg 150w, https:\/\/xenonasmazaraki.gr\/wp-content\/uploads\/2018\/06\/MazarakisGuesthouse_exterior_April2018_05_large-2-768x768.jpg 768w, https:\/\/xenonasmazaraki.gr\/wp-content\/uploads\/2018\/06\/MazarakisGuesthouse_exterior_April2018_05_large-2-1024x1024.jpg 1024w, https:\/\/xenonasmazaraki.gr\/wp-content\/uploads\/2018\/06\/MazarakisGuesthouse_exterior_April2018_05_large-2.jpg 2048w\" sizes=\"auto, (max-width: 266px) 100vw, 266px\" \/>\u00a0 \u00a0 \u00a0 \u00a0<img loading=\"lazy\" decoding=\"async\" class=\"alignnone wp-image-4030\" src=\"https:\/\/xenonasmazaraki.gr\/wp-content\/uploads\/2023\/05\/MazarakisGuesthouse_June2018_original-238-400x267.jpg\" alt=\"\" width=\"398\" height=\"265\" srcset=\"https:\/\/xenonasmazaraki.gr\/wp-content\/uploads\/2023\/05\/MazarakisGuesthouse_June2018_original-238-400x267.jpg 400w, https:\/\/xenonasmazaraki.gr\/wp-content\/uploads\/2023\/05\/MazarakisGuesthouse_June2018_original-238-768x512.jpg 768w, https:\/\/xenonasmazaraki.gr\/wp-content\/uploads\/2023\/05\/MazarakisGuesthouse_June2018_original-238.jpg 1000w\" sizes=\"auto, (max-width: 398px) 100vw, 398px\" \/><\/p>\n<p>Dans l\u2019espace de la r\u00e9ception au rez-de-chauss\u00e9e, le caf\u00e9-bar \u00e0 vin \u00ab\u00a0Corf\u00e8s\u00a0\u00bb vous permettra de commencer la journ\u00e9e avec un bon petit d\u00e9jeuner. Pendant le reste de la journ\u00e9e et jusqu\u2019au soir, de d\u00e9licieuses sp\u00e9cialit\u00e9s locales vous attendront, que vous pourrez accompagner de vins de notre cave, face \u00e0 la forteresse de Mystras et la vall\u00e9e de l&rsquo;Eurotas.<\/p>\n","protected":false},"excerpt":{"rendered":"<p>\u00a0 \u00a0 \u00a0 \u00a0 Dans l\u2019espace de la r\u00e9ception au rez-de-chauss\u00e9e, le caf\u00e9-bar \u00e0 vin \u00ab\u00a0Corf\u00e8s\u00a0\u00bb vous permettra de commencer la journ\u00e9e avec un bon petit d\u00e9jeuner. Pendant le reste de la journ\u00e9e et jusqu\u2019au soir, de d\u00e9licieuses sp\u00e9cialit\u00e9s locales vous attendront, que vous pourrez accompagner de vins de notre cave, face \u00e0 la forteresse [&hellip;]<\/p>\n","protected":false},"author":3,"featured_media":1287,"parent":0,"menu_order":7,"comment_status":"open","ping_status":"closed","template":"","meta":{"_acf_changed":false,"footnotes":""},"class_list":["post-371","page","type-page","status-publish","has-post-thumbnail","hentry"],"acf":[],"_links":{"self":[{"href":"https:\/\/xenonasmazaraki.gr\/fr\/wp-json\/wp\/v2\/pages\/371","targetHints":{"allow":["GET"]}}],"collection":[{"href":"https:\/\/xenonasmazaraki.gr\/fr\/wp-json\/wp\/v2\/pages"}],"about":[{"href":"https:\/\/xenonasmazaraki.gr\/fr\/wp-json\/wp\/v2\/types\/page"}],"author":[{"embeddable":true,"href":"https:\/\/xenonasmazaraki.gr\/fr\/wp-json\/wp\/v2\/users\/3"}],"replies":[{"embeddable":true,"href":"https:\/\/xenonasmazaraki.gr\/fr\/wp-json\/wp\/v2\/comments?post=371"}],"version-history":[{"count":9,"href":"https:\/\/xenonasmazaraki.gr\/fr\/wp-json\/wp\/v2\/pages\/371\/revisions"}],"predecessor-version":[{"id":4038,"href":"https:\/\/xenonasmazaraki.gr\/fr\/wp-json\/wp\/v2\/pages\/371\/revisions\/4038"}],"wp:featuredmedia":[{"embeddable":true,"href":"https:\/\/xenonasmazaraki.gr\/fr\/wp-json\/wp\/v2\/media\/1287"}],"wp:attachment":[{"href":"https:\/\/xenonasmazaraki.gr\/fr\/wp-json\/wp\/v2\/media?parent=371"}],"curies":[{"name":"wp","href":"https:\/\/api.w.org\/{rel}","templated":true}]}}