{"id":6492,"date":"2024-09-30T11:10:24","date_gmt":"2024-09-30T11:10:24","guid":{"rendered":"https:\/\/xenonasmazaraki.gr\/?page_id=6492"},"modified":"2025-08-17T11:31:22","modified_gmt":"2025-08-17T11:31:22","slug":"tarifs-et-reservations","status":"publish","type":"page","link":"https:\/\/xenonasmazaraki.gr\/fr\/tarifs-et-reservations\/","title":{"rendered":"R\u00e9servations"},"content":{"rendered":"<p>Pour les demandes de r\u00e9servation, veuillez cliquer sur le bouton ci-dessous pour proc\u00e9der \u00e0 votre r\u00e9servation. Profitez de la <strong>R\u00e9servation en ligne<\/strong> et assurez-vous le meilleur prix garanti !<\/p>\n<p class=\"wpcf7\"><a class=\"wpcf7-form-control wpcf7-submit btn btn-transparent-white\" href=\"https:\/\/mazarakiguesthousemystras.cosmicbooker.com\/\" target=\"_blank\" rel=\"noopener\"> R\u00e9servation en ligne <\/a><\/p>\n<div class=\"span4\">\n<p>En cas d&rsquo;annulation jusqu&rsquo;\u00e0 21 jours avant la date d&rsquo;arriv\u00e9e, remboursement total de la r\u00e9servation. En cas d&rsquo;annulation ou de modification tardive, facturation de 50 % du prix total de la r\u00e9servation. En cas de non pr\u00e9sentation ou d&rsquo;annulation 24 heures avant, la r\u00e9servation sera factur\u00e9e \u00e0 100%.<\/p>\n<ul>\n<li>Tous les tarifs valent pour 2 personnes.<\/li>\n<li>Lit suppl\u00e9mentaire 20\u20ac<\/li>\n<li>Taxe gouvernementale 0,50\u20ac (01\/11-28\/2) 1,5\u20ac(01\/03-31\/10)par nuit.<\/li>\n<\/ul>\n<p>&nbsp;<\/p>\n<p><strong> Les prix comprennent: <\/strong><\/p>\n<ul>\n<li>Le petit d\u00e9jeuner traditionnel et les taxes.<\/li>\n<li>Le Wifi dans les chambres et \u00e0 la r\u00e9ception<\/li>\n<li>Le bois pour la chemin\u00e9e<\/li>\n<\/ul>\n<p>&nbsp;<\/p>\n<p>&nbsp;<\/p>\n<\/div>\n","protected":false},"excerpt":{"rendered":"<p>Pour les demandes de r\u00e9servation, veuillez cliquer sur le bouton ci-dessous pour proc\u00e9der \u00e0 votre r\u00e9servation. Profitez de la R\u00e9servation en ligne et assurez-vous le meilleur prix garanti ! R\u00e9servation en ligne En cas d&rsquo;annulation jusqu&rsquo;\u00e0 21 jours avant la date d&rsquo;arriv\u00e9e, remboursement total de la r\u00e9servation. En cas d&rsquo;annulation ou de modification tardive, facturation [&hellip;]<\/p>\n","protected":false},"author":3,"featured_media":1267,"parent":0,"menu_order":0,"comment_status":"closed","ping_status":"closed","template":"page-full.php","meta":{"_acf_changed":false,"footnotes":""},"class_list":["post-6492","page","type-page","status-publish","has-post-thumbnail","hentry"],"acf":[],"_links":{"self":[{"href":"https:\/\/xenonasmazaraki.gr\/fr\/wp-json\/wp\/v2\/pages\/6492","targetHints":{"allow":["GET"]}}],"collection":[{"href":"https:\/\/xenonasmazaraki.gr\/fr\/wp-json\/wp\/v2\/pages"}],"about":[{"href":"https:\/\/xenonasmazaraki.gr\/fr\/wp-json\/wp\/v2\/types\/page"}],"author":[{"embeddable":true,"href":"https:\/\/xenonasmazaraki.gr\/fr\/wp-json\/wp\/v2\/users\/3"}],"replies":[{"embeddable":true,"href":"https:\/\/xenonasmazaraki.gr\/fr\/wp-json\/wp\/v2\/comments?post=6492"}],"version-history":[{"count":11,"href":"https:\/\/xenonasmazaraki.gr\/fr\/wp-json\/wp\/v2\/pages\/6492\/revisions"}],"predecessor-version":[{"id":6538,"href":"https:\/\/xenonasmazaraki.gr\/fr\/wp-json\/wp\/v2\/pages\/6492\/revisions\/6538"}],"wp:featuredmedia":[{"embeddable":true,"href":"https:\/\/xenonasmazaraki.gr\/fr\/wp-json\/wp\/v2\/media\/1267"}],"wp:attachment":[{"href":"https:\/\/xenonasmazaraki.gr\/fr\/wp-json\/wp\/v2\/media?parent=6492"}],"curies":[{"name":"wp","href":"https:\/\/api.w.org\/{rel}","templated":true}]}}